{"id":203,"date":"2015-08-06T16:37:25","date_gmt":"2015-08-06T14:37:25","guid":{"rendered":"http:\/\/www.pirquetschule.at\/?page_id=203"},"modified":"2025-11-12T10:13:20","modified_gmt":"2025-11-12T09:13:20","slug":"elternverein","status":"publish","type":"page","link":"https:\/\/www.pirquetschule.at\/?page_id=203","title":{"rendered":"Elternverein"},"content":{"rendered":"<div class=\"wpb-content-wrapper\"><p>[vc_row][vc_column][vc_empty_space height=&#8220;10px&#8220;][vc_text_separator title=&#8220;Elternverein der GTVS Pirquetschule&#8220; i_type=&#8220;openiconic&#8220; i_icon_openiconic=&#8220;vc-oi vc-oi-sun&#8220; i_color=&#8220;sky&#8220; i_size=&#8220;lg&#8220; color=&#8220;black&#8220; add_icon=&#8220;true&#8220;][\/vc_column][\/vc_row][vc_row][vc_column][vc_column_text css=&#8220;&#8220;]Der<b> aktuell gew\u00e4hlte Vorstand des Elternvereines seit 30.9.2025:<\/b><b><\/b><\/p>\n<p><strong>Wir wollen uns gerne bei Ihnen vorstellen:<\/strong><\/p>\n<div>\n<div>\n<div>\n<div>\n<div>\n<div>\n<table width=\"582\" cellspacing=\"0\" cellpadding=\"0\">\n<tbody>\n<tr>\n<td valign=\"middle\">Elternvertreterobfrau<\/td>\n<td valign=\"middle\">Barbara Brunner<\/td>\n<\/tr>\n<tr>\n<td valign=\"middle\">Vizeelternvertrerobfrau<\/td>\n<td valign=\"middle\">Kerstin Lindinger<\/td>\n<\/tr>\n<tr>\n<td valign=\"middle\">Kassierin:<\/td>\n<td valign=\"middle\">Claudia Antosch<\/td>\n<\/tr>\n<tr>\n<td valign=\"middle\">Kassierin-Stellvertreterin:<\/td>\n<td valign=\"middle\">Khalil Asiye<\/td>\n<\/tr>\n<tr>\n<td valign=\"middle\">Schriftf\u00fchrerin:<\/td>\n<td valign=\"middle\">Doris G\u00f6bl<\/td>\n<\/tr>\n<tr>\n<td valign=\"middle\">Schriftf\u00fchrer-Stellvertreterin:<\/td>\n<td valign=\"middle\">Jaqueline Cerny<\/td>\n<\/tr>\n<tr>\n<td rowspan=\"2\" valign=\"middle\">Rechnungsp\u00fcferinnen:<\/td>\n<td valign=\"middle\">Nasrin Basiri-Noorouzi<\/td>\n<\/tr>\n<tr>\n<td valign=\"middle\">Slobodan Mitric<\/td>\n<\/tr>\n<\/tbody>\n<\/table>\n<p>&nbsp;<\/p>\n<\/div>\n<\/div>\n<\/div>\n<\/div>\n<\/div>\n<\/div>\n<p class=\"p1\"><a href=\"https:\/\/www.pirquetschule.at\/wp-content\/uploads\/Protokoll_30.09.2025_Jahreshautpversammlung.pdf\" target=\"_blank\" rel=\"noopener\"><b>Protokoll der Elternvereinssitzung vom Dienstag, 30.09.2025, EV-GTVS Pirquetschule<\/b><\/a><\/p>\n<p><b>Aufgaben und Leistungen des Elternvereins<\/b><\/p>\n<p>Der Elternverein ist eine gemeinn\u00fctzige, soziale und \u00fcberparteiliche Organisation und sieht seine Aufgaben in der Zusammenarbeit zwischen Sch\u00fcler:innen, Direktorin, Lehrer:innen und Eltern. Die Anliegen der Eltern werden vom Elternverein an die Schulleitung weitergegeben. Mitglieder k\u00f6nnen nur die Eltern oder Erziehungsberechtigten von Kindern sein, welche die GTVS Pirquetgasse 6b besuchen.<span class=\"Apple-converted-space\">&nbsp;<\/span><\/p>\n<p>Die Einnahmen setzen sich wie folgt zusammen:<\/p>\n<ul>\n<li>Mitgliedsbeitr\u00e4ge der Eltern<\/li>\n<li>Spenden bzw. Erl\u00f6se bei diversen Festen (zB Adventmarkt)<\/li>\n<\/ul>\n<p><b>Vorschau Schuljahr 25\/26<\/b><\/p>\n<p>Die eingenommenen Gelder kommen 100% den Kindern und der Schule zugute!<\/p>\n<p class=\"p1\">Vor allem finanzielle Unterst\u00fctzung der Kinder f\u00fcr Nikolo, Ostern, Fasching, Abschlussfest der 4.<\/p>\n<p class=\"p1\">Klassen, sowie Lehrmittel und B\u00fccher, die sich die LehrerInnen f\u00fcr die Kinder w\u00fcnschen und andere<\/p>\n<p class=\"p1\">Dinge, die der Schulerhalter nicht bezahlt, aber trotzdem ben\u00f6tigt wird. Unterst\u00fctzung bei unklaren<\/p>\n<p class=\"p1\">Gegebenheiten, die zur Kl\u00e4rung zwischen Eltern und Lehrerinnen dienen.<\/p>\n<p class=\"p1\"><strong>Beschl\u00fcsse \u00fcber:<\/strong><\/p>\n<ol>\n<li class=\"p2\">Zahlung Osterhasen, Nikolaus einstimmig beschlossen<\/li>\n<li class=\"p2\">Elternvereinsbeitrag 25,00 \u20ac einstimmig beschlossen<\/li>\n<li class=\"p2\">Namen und Telefonnummern werden mit dem einstimmig beschlossen vorherigen Obmann und mit dem Rest des Vorstandes geteilt und eine WhatsApp Gruppe wird erstellt<\/li>\n<li class=\"p2\">Adventmarkt f\u00fcr 27.11.2025 einstimmig beschlossen<\/li>\n<\/ol>\n<p><b>Kontakt:<\/b><\/p>\n<div>\n<div class=\"\">\n<div class=\"WordSection1\">\n<div class=\"\">\n<div>\n<p>Elternverein der GTVS, Pirquetgasse 6B, 1220 Wien<br \/>\n<a href=\"mailto:elternverein@pirquetschule.at\">elternverein@pirquetschule.at<\/a><\/p>\n<\/div>\n<\/div>\n<\/div>\n<\/div>\n<\/div>\n<p><b>Links:<\/b><\/p>\n<p>Landesverband Wien der Elternvereine <a href=\"https:\/\/www.elternverein.at\/landesverbaende\/wien\/\" target=\"_blank\" rel=\"noopener noreferrer\">https:\/\/www.elternverein.at\/landesverbaende\/wien\/<\/a><br \/>\nWir freuen uns auf Sie!<\/p>\n<p>Ihr EV-Team<b><span class=\"Apple-converted-space\">&nbsp;<\/span><\/b>[\/vc_column_text][\/vc_column][\/vc_row]<\/p>\n<\/div>","protected":false},"excerpt":{"rendered":"<p>[vc_row][vc_column][vc_empty_space height=&#8220;10px&#8220;][vc_text_separator title=&#8220;Elternverein der GTVS Pirquetschule&#8220; i_type=&#8220;openiconic&#8220; i_icon_openiconic=&#8220;vc-oi vc-oi-sun&#8220; i_color=&#8220;sky&#8220; i_size=&#8220;lg&#8220; color=&#8220;black&#8220; add_icon=&#8220;true&#8220;][\/vc_column][\/vc_row][vc_row][vc_column][vc_column_text css=&#8220;&#8220;]Der aktuell gew\u00e4hlte Vorstand des Elternvereines seit 30.9.2025: Wir wollen uns gerne bei Ihnen vorstellen: Elternvertreterobfrau Barbara Brunner Vizeelternvertrerobfrau Kerstin Lindinger Kassierin: Claudia Antosch Kassierin-Stellvertreterin: Khalil Asiye Schriftf\u00fchrerin: Doris G\u00f6bl Schriftf\u00fchrer-Stellvertreterin: Jaqueline Cerny Rechnungsp\u00fcferinnen: Nasrin Basiri-Noorouzi Slobodan Mitric &nbsp; Protokoll der Elternvereinssitzung&hellip;<\/p>\n","protected":false},"author":1,"featured_media":0,"parent":0,"menu_order":0,"comment_status":"closed","ping_status":"closed","template":"","meta":{"footnotes":""},"class_list":["post-203","page","type-page","status-publish","hentry","description-off"],"_links":{"self":[{"href":"https:\/\/www.pirquetschule.at\/index.php?rest_route=\/wp\/v2\/pages\/203","targetHints":{"allow":["GET"]}}],"collection":[{"href":"https:\/\/www.pirquetschule.at\/index.php?rest_route=\/wp\/v2\/pages"}],"about":[{"href":"https:\/\/www.pirquetschule.at\/index.php?rest_route=\/wp\/v2\/types\/page"}],"author":[{"embeddable":true,"href":"https:\/\/www.pirquetschule.at\/index.php?rest_route=\/wp\/v2\/users\/1"}],"replies":[{"embeddable":true,"href":"https:\/\/www.pirquetschule.at\/index.php?rest_route=%2Fwp%2Fv2%2Fcomments&post=203"}],"version-history":[{"count":16,"href":"https:\/\/www.pirquetschule.at\/index.php?rest_route=\/wp\/v2\/pages\/203\/revisions"}],"predecessor-version":[{"id":39675,"href":"https:\/\/www.pirquetschule.at\/index.php?rest_route=\/wp\/v2\/pages\/203\/revisions\/39675"}],"wp:attachment":[{"href":"https:\/\/www.pirquetschule.at\/index.php?rest_route=%2Fwp%2Fv2%2Fmedia&parent=203"}],"curies":[{"name":"wp","href":"https:\/\/api.w.org\/{rel}","templated":true}]}}