{"id":36097,"date":"2017-07-12T10:58:56","date_gmt":"2017-07-12T08:58:56","guid":{"rendered":"http:\/\/www.pirquetschule.at\/?page_id=36097"},"modified":"2022-03-23T17:04:28","modified_gmt":"2022-03-23T16:04:28","slug":"unsere-schule","status":"publish","type":"page","link":"https:\/\/www.pirquetschule.at\/?page_id=36097","title":{"rendered":"Unsere Schule"},"content":{"rendered":"<div class=\"wpb-content-wrapper\"><p>[vc_row margin_top=&#8220;10px&#8220;][vc_column width=&#8220;1\/2&#8243;][vc_text_separator title=&#8220;Unsere Schule&#8220; i_type=&#8220;openiconic&#8220; i_icon_openiconic=&#8220;vc-oi vc-oi-home&#8220; i_color=&#8220;mulled_wine&#8220; i_size=&#8220;lg&#8220; color=&#8220;black&#8220; el_width=&#8220;80&#8243; add_icon=&#8220;true&#8220;][vc_column_text]Derzeit werden an unserer <strong>ganzt\u00e4gigen gef\u00fchrten Schule\u00a0350 Kinder in 16 Klassen<\/strong> unterrichtet.<\/p>\n<p>Einer unserer <strong>Schwerpunkte ist die Integration<\/strong>. Wir sind bestrebt eine liebevolle Atmosph\u00e4re des gemeinsamen Miteinanders zu schaffen.<\/p>\n<p>Daher gibt es auch einmal im Jahr ein <strong>gro\u00dfes Schulfest.<\/strong><\/p>\n<p>Dar\u00fcber hinaus d\u00fcrfen Ihre Kinder einen<strong> abwechslungsreichen<\/strong> und lustvollen Unterricht erleben.<\/p>\n<p>Verschiedene Feste und Feiern im Jahreskreis, zahlreiche Projekte sowie abwechslungsreiche <strong>Lehrausg\u00e4nge und Ausfl\u00fcge<\/strong> lockern den Unterricht auf.<\/p>\n<p>Unser <strong>neues Schulhaus,<\/strong> das erst im September 2016 er\u00f6ffnet wurde, bietet viel Licht, modernste Technik und gro\u00dfz\u00fcgige Arbeitspl\u00e4tze.<\/p>\n<p>Jede unserer Klassen ist mit einer zus\u00e4tzlichen Lernnische ausgestattet, die es uns erm\u00f6glicht, Ihr <strong>Kind individuell zu f\u00f6rdern.<\/strong><\/p>\n<p>Gro\u00dfe Pausenhallen, Begegnungszonen, ein Ballspielplatz\u00a0am Dach, direkte Gartenzug\u00e4nge und zahlreiche Terrassen sowie ein absolut gesch\u00fctzter Schulhof sorgen f\u00fcr viel Freiheit in den Pausen und erweitern unsere Lernr\u00e4ume. So gelingt der Alltag in einer Ganztagsschule.<\/p>\n<p>&nbsp;<\/p>\n<p>Einer unserer Schwerpunkte ist der <strong>computerunterst\u00fctzte Unterricht.<\/strong><\/p>\n<p>Am 17.10.2012 wurden wir vom Bundesministerium als erste Volksschule Wiens als <u>eLSA Schule<\/u> zertifiziert!<\/p>\n<p>eLSA bedeutet e-learning im Schulalltag. Im Mai 2016 wurden wir erneut f\u00fcr unsere Arbeit in diesem Bereich ausgezeichnet und gelten zus\u00e4tzlich als\u00a0Experten Schule.<\/p>\n<p>&nbsp;<\/p>\n<p>Nat\u00fcrlich gibt es auch bei uns <strong>Englischunterricht ab der 1.Schulstufe<\/strong> und wir sind Pilotschule f\u00fcr\u00a0ein Projekt des Stadtschulrats.<\/p>\n<p>Das pers\u00f6nliche Wohl Ihres Kindes hat bei uns h\u00f6chste Priorit\u00e4t!<\/p>\n<p>Das Team der Pirquetschule freut sich auf Ihr Kind und auf eine gute Zusammenarbeit mit Ihnen!<\/p>\n<p>Karin Petsovits<\/p>\n<p>Schulleiterin[\/vc_column_text][\/vc_column][vc_column width=&#8220;1\/2&#8243;][vc_text_separator title=&#8220;Nachmittagsbetreuung&#8220; i_icon_fontawesome=&#8220;fa fa-child&#8220; i_size=&#8220;lg&#8220; color=&#8220;black&#8220; el_width=&#8220;80&#8243; add_icon=&#8220;true&#8220;][vc_column_text]Unsere Volksschule ist eine <strong>Ganztagsvolksschule in verschr\u00e4nkter Form<\/strong>.<\/p>\n<p>Das bedeutet, dass der <strong>Unterricht t\u00e4glich um 15:30 Uhr endet.<\/strong><\/p>\n<p>Ihr Kind hat aber keinesfalls mehr Unterrichtsstunden im Vergleich zu einer Halbtagsschule. Mittagessen, Freizeitangebote und die t\u00e4gliche \u00dcbungsstunde werden abwechselnd mit Unterrichtsstunden geplant. Daraus ergibt sich die Entlassungszeit von 15.30 Uhr.<\/p>\n<p>Einzige Ausnahme: Am Freitag haben Sie die M\u00f6glichkeit, Ihr Kind um 13:50 abzuholen, sofern es der Stundenplan Ihres Kindes erlaubt.<\/p>\n<p><strong>Sie arbeiten l\u00e4nger als 15.30Uhr? Kein Problem!<\/strong><\/p>\n<p><strong>Von 15.30 Uhr bis 17.30 Uhr<\/strong> bieten wir zus\u00e4tzlich noch Betreuung durch Freizeitp\u00e4dagogInnen an.<\/p>\n<p>&nbsp;<\/p>\n<p><strong>Betreuung nach 15.30 Uhr ist kostenpflichtig.<\/strong> Die genauen Kosten erfragen Sie bitte bei der Direktorin:<\/p>\n<p><strong>Karin Petsovits\u00a0<\/strong>Telefon:\u00a0<strong>+43-1-282 52 96-111<\/strong><\/p>\n<p>oder bei der Freizeitleitung<\/p>\n<p><strong>Yasemin Demir <\/strong>Telefon:\u00a0<strong>+43-1-282 52 96-124<br \/>\n<\/strong>Email: <a href=\"mailto:fzl.922171@schule.wien.gv.at\">fzl.922171@schule.wien.gv.at<\/a><\/p>\n<p><strong>\u00a0<\/strong>[\/vc_column_text][\/vc_column][\/vc_row]<\/p>\n<\/div>","protected":false},"excerpt":{"rendered":"<p>[vc_row margin_top=&#8220;10px&#8220;][vc_column width=&#8220;1\/2&#8243;][vc_text_separator title=&#8220;Unsere Schule&#8220; i_type=&#8220;openiconic&#8220; i_icon_openiconic=&#8220;vc-oi vc-oi-home&#8220; i_color=&#8220;mulled_wine&#8220; i_size=&#8220;lg&#8220; color=&#8220;black&#8220; el_width=&#8220;80&#8243; add_icon=&#8220;true&#8220;][vc_column_text]Derzeit werden an unserer ganzt\u00e4gigen gef\u00fchrten Schule\u00a0350 Kinder in 16 Klassen unterrichtet. Einer unserer Schwerpunkte ist die Integration. Wir sind bestrebt eine liebevolle Atmosph\u00e4re des gemeinsamen Miteinanders zu schaffen. Daher gibt es auch einmal im Jahr ein gro\u00dfes Schulfest. Dar\u00fcber hinaus d\u00fcrfen Ihre&hellip;<\/p>\n","protected":false},"author":1,"featured_media":0,"parent":207,"menu_order":0,"comment_status":"closed","ping_status":"closed","template":"","meta":{"footnotes":""},"class_list":["post-36097","page","type-page","status-publish","hentry","description-off"],"_links":{"self":[{"href":"https:\/\/www.pirquetschule.at\/index.php?rest_route=\/wp\/v2\/pages\/36097","targetHints":{"allow":["GET"]}}],"collection":[{"href":"https:\/\/www.pirquetschule.at\/index.php?rest_route=\/wp\/v2\/pages"}],"about":[{"href":"https:\/\/www.pirquetschule.at\/index.php?rest_route=\/wp\/v2\/types\/page"}],"author":[{"embeddable":true,"href":"https:\/\/www.pirquetschule.at\/index.php?rest_route=\/wp\/v2\/users\/1"}],"replies":[{"embeddable":true,"href":"https:\/\/www.pirquetschule.at\/index.php?rest_route=%2Fwp%2Fv2%2Fcomments&post=36097"}],"version-history":[{"count":1,"href":"https:\/\/www.pirquetschule.at\/index.php?rest_route=\/wp\/v2\/pages\/36097\/revisions"}],"predecessor-version":[{"id":38366,"href":"https:\/\/www.pirquetschule.at\/index.php?rest_route=\/wp\/v2\/pages\/36097\/revisions\/38366"}],"up":[{"embeddable":true,"href":"https:\/\/www.pirquetschule.at\/index.php?rest_route=\/wp\/v2\/pages\/207"}],"wp:attachment":[{"href":"https:\/\/www.pirquetschule.at\/index.php?rest_route=%2Fwp%2Fv2%2Fmedia&parent=36097"}],"curies":[{"name":"wp","href":"https:\/\/api.w.org\/{rel}","templated":true}]}}